{"id":57,"date":"2021-12-23T00:31:05","date_gmt":"2021-12-23T03:31:05","guid":{"rendered":"https:\/\/wilsoncoelho.praxis.pro.br\/?page_id=57"},"modified":"2022-01-17T15:08:22","modified_gmt":"2022-01-17T18:08:22","slug":"maome-vai-a-montaigne-ensaios","status":"publish","type":"page","link":"https:\/\/wilsoncoelho.praxis.pro.br\/index.php\/maome-vai-a-montaigne-ensaios\/","title":{"rendered":"Maom\u00e9 vai a Montaigne: ensaios"},"content":{"rendered":"<p><img loading=\"lazy\" decoding=\"async\" class=\"size-full wp-image-58 alignleft\" src=\"https:\/\/wilsoncoelho.praxis.pro.br\/wp-content\/uploads\/2021\/12\/9_reduzido.jpg\" alt=\"\" width=\"457\" height=\"640\" srcset=\"https:\/\/wilsoncoelho.praxis.pro.br\/wp-content\/uploads\/2021\/12\/9_reduzido.jpg 457w, https:\/\/wilsoncoelho.praxis.pro.br\/wp-content\/uploads\/2021\/12\/9_reduzido-214x300.jpg 214w\" sizes=\"auto, (max-width: 457px) 100vw, 457px\" \/><span style=\"font-size: 14pt;\">O livro \u201cMaom\u00e9 vai a Montaigne \u2013 Ensaios sobre a vida e arte\u201d, publicado com apoio da Lei Chico Prego, da Prefeitura da Serra, re\u00fane mais de 50 escritos que foram resultados de diversas palestras que o autor participou. Quanto ao trocadilho do t\u00edtulo, o autor conta que ele surgiu bem antes do livro. \u201cFoi Montaigne quem criou o g\u00eanero ensa\u00edstico, e ent\u00e3o comecei a brincar com essa ideia dos ad\u00e1gios populares. Apesar de Maom\u00e9 ter sido um profeta, e Montaigne, ateu, eles tinham em comum o uso dos aforismos, que t\u00eam o poder de provocar e deixar em aberto, para o leitor refletir\u201d, afirma o escritor.<\/span><\/p>\n","protected":false},"excerpt":{"rendered":"<p> <a class=\"more-link\" href=\"https:\/\/wilsoncoelho.praxis.pro.br\/index.php\/maome-vai-a-montaigne-ensaios\/\">Leia mais&#8230; &raquo;<\/a><\/p>\n","protected":false},"author":1,"featured_media":0,"parent":0,"menu_order":0,"comment_status":"closed","ping_status":"closed","template":"","meta":{"_price":"","_stock":"","_tribe_ticket_header":"","_tribe_default_ticket_provider":"","_tribe_ticket_capacity":"0","_ticket_start_date":"","_ticket_end_date":"","_tribe_ticket_show_description":"","_tribe_ticket_show_not_going":false,"_tribe_ticket_use_global_stock":"","_tribe_ticket_global_stock_level":"","_global_stock_mode":"","_global_stock_cap":"","_tribe_rsvp_for_event":"","_tribe_ticket_going_count":"","_tribe_ticket_not_going_count":"","_tribe_tickets_list":"[]","_tribe_ticket_has_attendee_info_fields":false,"footnotes":"","_tec_slr_enabled":"","_tec_slr_layout":""},"class_list":["post-57","page","type-page","status-publish","hentry"],"ticketed":false,"_links":{"self":[{"href":"https:\/\/wilsoncoelho.praxis.pro.br\/index.php\/wp-json\/wp\/v2\/pages\/57","targetHints":{"allow":["GET"]}}],"collection":[{"href":"https:\/\/wilsoncoelho.praxis.pro.br\/index.php\/wp-json\/wp\/v2\/pages"}],"about":[{"href":"https:\/\/wilsoncoelho.praxis.pro.br\/index.php\/wp-json\/wp\/v2\/types\/page"}],"author":[{"embeddable":true,"href":"https:\/\/wilsoncoelho.praxis.pro.br\/index.php\/wp-json\/wp\/v2\/users\/1"}],"replies":[{"embeddable":true,"href":"https:\/\/wilsoncoelho.praxis.pro.br\/index.php\/wp-json\/wp\/v2\/comments?post=57"}],"version-history":[{"count":4,"href":"https:\/\/wilsoncoelho.praxis.pro.br\/index.php\/wp-json\/wp\/v2\/pages\/57\/revisions"}],"predecessor-version":[{"id":199,"href":"https:\/\/wilsoncoelho.praxis.pro.br\/index.php\/wp-json\/wp\/v2\/pages\/57\/revisions\/199"}],"wp:attachment":[{"href":"https:\/\/wilsoncoelho.praxis.pro.br\/index.php\/wp-json\/wp\/v2\/media?parent=57"}],"curies":[{"name":"wp","href":"https:\/\/api.w.org\/{rel}","templated":true}]}}