{"id":504,"date":"2023-10-25T11:20:03","date_gmt":"2023-10-25T14:20:03","guid":{"rendered":"https:\/\/wilsoncoelho.praxis.pro.br\/?page_id=504"},"modified":"2023-10-25T11:24:58","modified_gmt":"2023-10-25T14:24:58","slug":"vietna","status":"publish","type":"page","link":"https:\/\/wilsoncoelho.praxis.pro.br\/index.php\/vietna\/","title":{"rendered":"Vietn\u00e3"},"content":{"rendered":"<p><img loading=\"lazy\" decoding=\"async\" class=\"alignnone wp-image-502\" src=\"https:\/\/wilsoncoelho.praxis.pro.br\/wp-content\/uploads\/2023\/10\/WhatsApp-Image-2023-10-25-at-10.57.32-672x1024.jpeg\" alt=\"\" width=\"609\" height=\"928\" srcset=\"https:\/\/wilsoncoelho.praxis.pro.br\/wp-content\/uploads\/2023\/10\/WhatsApp-Image-2023-10-25-at-10.57.32-672x1024.jpeg 672w, https:\/\/wilsoncoelho.praxis.pro.br\/wp-content\/uploads\/2023\/10\/WhatsApp-Image-2023-10-25-at-10.57.32-197x300.jpeg 197w, https:\/\/wilsoncoelho.praxis.pro.br\/wp-content\/uploads\/2023\/10\/WhatsApp-Image-2023-10-25-at-10.57.32-768x1170.jpeg 768w, https:\/\/wilsoncoelho.praxis.pro.br\/wp-content\/uploads\/2023\/10\/WhatsApp-Image-2023-10-25-at-10.57.32.jpeg 840w\" sizes=\"auto, (max-width: 609px) 100vw, 609px\" \/><\/p>\n<p>Este livro, o VIETN\u00c3, surgiu primeiramente a partir de uma ideia de traduzir alguns artigos do cubano Luis Manoel Arce, que cobriu a guerra de liberta\u00e7\u00e3o do pa\u00eds como jornalista.<\/p>\n<p>Como os artigos de Arce n\u00e3o alcan\u00e7avam o n\u00famero de p\u00e1ginas que eu previa, resolvi reunir outros textos e um poema de Perly Cipriano, escritos na \u00e9poca da guerra, enquanto amargava e resistia nos c\u00e1rceres da ditadura brasileira. Depois, descobri que meu amigo franc\u00eas Gilbert Chaudanne dava aulas no Laos durante a guerra do Vietn\u00e3 e assistiu de perto toda a movimenta\u00e7\u00e3o. Ainda, a partir de outras pesquisas sobre esse genoc\u00eddio estadunidense acabei por sair do lugar de organizador da obra para tamb\u00e9m me inserir como autor.<\/p>\n<p>E, tendo como foco a Guerra do Vietn\u00e3, nesse ano que completa o 50\u00ba anivers\u00e1rio da derrota e retirada final das tropas de combate dos EUA, o livro propicia uma an\u00e1lise, sob diversos aspectos, do imperialismo que at\u00e9 hoje est\u00e1 em voga, al\u00e9m da passagem de Ho Chi Minch pelo Brasil, a perda da perna do jornalista brasileiro Jos\u00e9 Hamilton Ribeiro, v\u00edtima de uma mina, um ensaio sobre o filme \u201cApocalipse Now\u201d, dirigido por Francis Ford Coppola e escrito por John Milius e outros temas. A proposta tamb\u00e9m desse livro nos parece oportuna, tendo em vista a nova geopol\u00edtica que se est\u00e1 desenhando atualmente pelo mundo.<\/p>\n<p>Juntando tudo isso, destaco o privil\u00e9gio de contar com o riqu\u00edssimo pref\u00e1cio do escritor, professor e jornalista Jos\u00e9 Arrabal.<\/p>\n<p>Wilson Co\u00ealho<\/p>\n<p>#vietn\u00e3 #wilsonco\u00ealho #guerradovietn\u00e3 #imperialismo<\/p>\n","protected":false},"excerpt":{"rendered":"<p> <a class=\"more-link\" href=\"https:\/\/wilsoncoelho.praxis.pro.br\/index.php\/vietna\/\">Leia mais&#8230; &raquo;<\/a><\/p>\n","protected":false},"author":1,"featured_media":0,"parent":0,"menu_order":0,"comment_status":"closed","ping_status":"closed","template":"","meta":{"_price":"","_stock":"","_tribe_ticket_header":"","_tribe_default_ticket_provider":"","_tribe_ticket_capacity":"0","_ticket_start_date":"","_ticket_end_date":"","_tribe_ticket_show_description":"","_tribe_ticket_show_not_going":false,"_tribe_ticket_use_global_stock":"","_tribe_ticket_global_stock_level":"","_global_stock_mode":"","_global_stock_cap":"","_tribe_rsvp_for_event":"","_tribe_ticket_going_count":"","_tribe_ticket_not_going_count":"","_tribe_tickets_list":"[]","_tribe_ticket_has_attendee_info_fields":false,"footnotes":"","_tec_slr_enabled":"","_tec_slr_layout":""},"class_list":["post-504","page","type-page","status-publish","hentry"],"ticketed":false,"_links":{"self":[{"href":"https:\/\/wilsoncoelho.praxis.pro.br\/index.php\/wp-json\/wp\/v2\/pages\/504","targetHints":{"allow":["GET"]}}],"collection":[{"href":"https:\/\/wilsoncoelho.praxis.pro.br\/index.php\/wp-json\/wp\/v2\/pages"}],"about":[{"href":"https:\/\/wilsoncoelho.praxis.pro.br\/index.php\/wp-json\/wp\/v2\/types\/page"}],"author":[{"embeddable":true,"href":"https:\/\/wilsoncoelho.praxis.pro.br\/index.php\/wp-json\/wp\/v2\/users\/1"}],"replies":[{"embeddable":true,"href":"https:\/\/wilsoncoelho.praxis.pro.br\/index.php\/wp-json\/wp\/v2\/comments?post=504"}],"version-history":[{"count":4,"href":"https:\/\/wilsoncoelho.praxis.pro.br\/index.php\/wp-json\/wp\/v2\/pages\/504\/revisions"}],"predecessor-version":[{"id":510,"href":"https:\/\/wilsoncoelho.praxis.pro.br\/index.php\/wp-json\/wp\/v2\/pages\/504\/revisions\/510"}],"wp:attachment":[{"href":"https:\/\/wilsoncoelho.praxis.pro.br\/index.php\/wp-json\/wp\/v2\/media?parent=504"}],"curies":[{"name":"wp","href":"https:\/\/api.w.org\/{rel}","templated":true}]}}