{"id":223,"date":"2022-01-22T23:47:56","date_gmt":"2022-01-23T02:47:56","guid":{"rendered":"https:\/\/wilsoncoelho.praxis.pro.br\/?page_id=223"},"modified":"2022-01-22T23:53:32","modified_gmt":"2022-01-23T02:53:32","slug":"solidaridad-los-cinco","status":"publish","type":"page","link":"https:\/\/wilsoncoelho.praxis.pro.br\/index.php\/solidaridad-los-cinco\/","title":{"rendered":"Solidaridad Los Cinco"},"content":{"rendered":"<p><span style=\"font-size: 14pt;\"><img loading=\"lazy\" decoding=\"async\" class=\" wp-image-224 alignleft\" src=\"https:\/\/wilsoncoelho.praxis.pro.br\/wp-content\/uploads\/2022\/01\/1581723890015.jpeg\" alt=\"\" width=\"337\" height=\"545\" srcset=\"https:\/\/wilsoncoelho.praxis.pro.br\/wp-content\/uploads\/2022\/01\/1581723890015.jpeg 445w, https:\/\/wilsoncoelho.praxis.pro.br\/wp-content\/uploads\/2022\/01\/1581723890015-185x300.jpeg 185w\" sizes=\"auto, (max-width: 337px) 100vw, 337px\" \/>Entrevista a Gerardo Hern\u00e1ndez, preso pol\u00edtico cubano nos EUA &#8211; Solidaridad Los Cinco &#8211; 21\/04\/2009 (Trad. Wilson Co\u00ealho)<\/span><\/p>\n<p><span style=\"font-size: 14pt;\">Cubainformaci\u00f3n.- Esta conversa aconteceu no dia 1\u00ba de abril de 2009. Nossa equipe de filmagem recebeu a aprova\u00e7\u00e3o do Departamento de Justi\u00e7a para falar com \u201co prisioneiro\u201d em presen\u00e7a de um funcion\u00e1rio da pris\u00e3o. Antes de seu arresto em 1998, Gerardo dirigiu as opera\u00e7\u00f5es dos outros agentes da Seguran\u00e7a do Estado cubana que se infiltraram em grupos violentos na \u00e1rea de Miami com o prop\u00f3sito de impedir que realizassem ataques terroristas contra instala\u00e7\u00f5es tur\u00edsticas em Cuba. Tomamos cuidadosamente notas completas.<\/span><\/p>\n<p><span style=\"font-size: 14pt;\">________________________________________<\/span><\/p>\n<p><span style=\"font-size: 14pt;\">Saul Landau: Qual era sua miss\u00e3o e por que?<\/span><\/p>\n<p><span style=\"font-size: 14pt;\">Gerardo Hern\u00e1ndez: Nos EUA, em geral e especificamente na Fl\u00f3rida, muitos grupos contemplaram e realizaram atos de terrorismo em Cuba. Est\u00e1vamos copiando informa\u00e7\u00e3o acerca de Alfa 66, Comandos F4, a Fundaci\u00f3n Nacional Cubano-Americana e Hermanos al Rescate. Passaram-se muitos anos e espero que nada se me tenha escapado, mas creio que esses eram os grupos principais nos quais trabalh\u00e1vamos (infiltrados).<\/span><\/p>\n<p><span style=\"font-size: 14pt;\">Landau: O que souberam por meio de sua infiltra\u00e7\u00e3o?<\/span><\/p>\n<p><span style=\"font-size: 14pt;\">Hern\u00e1ndez: O primeiro que soube foi da impunidade com que operavam esses grupos, violando as leis dos EUA: a Lei de Neutralidade (da d\u00e9cada de 1790) que supostamente significa que nenhuma organiza\u00e7\u00e3o pode usar o territ\u00f3rio norte-americano para cometer terrorismo contra outro pa\u00eds.<\/span><\/p>\n<p><span style=\"font-size: 14pt;\">No caso de Alfa 66, os operativos abordavam uma lancha r\u00e1pida e disparavam contra objetivos na costa de Cuba. Quando regressavam a Miami, celebravam uma confer\u00eancia de imprensa e diziam abertamente o que haviam feito.<\/span><\/p>\n<p><span style=\"font-size: 14pt;\">E quando algu\u00e9m os perguntava, \u201cOu\u00e7am, isso n\u00e3o \u00e9 uma viola\u00e7\u00e3o das leis de neutralidade?\u201d, eles respondiam: \u201cEm realidade n\u00e3o, porque primeiro fomos a uma das pequenas ilhas em algum lugar do Caribe e depois fomos a Cuba. Quer dizer que, tecnicamente, n\u00e3o partimos dos EUA\u201d. O faziam abertamente e nenhuma ag\u00eancia norte-americana lhes exigiu responsabilidade.<\/span><\/p>\n<p><span style=\"font-size: 14pt;\">Landau: Em que anos?<\/span><\/p>\n<p><span style=\"font-size: 14pt;\">Hern\u00e1ndez: Isto vinha acontecendo desde 1959. Pessoalmente comecei a dedicar-me a isto desde a d\u00e9cada de 1990. Como tenho estado aqui na pris\u00e3o de Victorville (Calif\u00f3rnia) desde uns 3 anos, creio que em 2005 arrestaram a um cubano neste pa\u00eds com um arsenal, todo tipo de armas, todo tipo de armas em sua casa. E o primeiro que disse foi, \u201cBom, eu sou membro de Alfa 66 e estou usando essas armas na luta pela liberdade cubana\u201d. Essa foi sua defesa.<\/span><\/p>\n<p><span style=\"font-size: 14pt;\">Landau: Os Cinco de Cuba eram todos volunt\u00e1rios? Como algu\u00e9m se prepara para infiltrar em um grupo inimigo num pa\u00eds inimigo? E depois agir como se voc\u00eas fossem inimigos de seu pr\u00f3prio pa\u00eds e amigos deles?<\/span><\/p>\n<p><span style=\"font-size: 14pt;\">Hern\u00e1ndez: Sim, todos \u00e9ramos volunt\u00e1rios. Em meu caso, eu n\u00e3o sou um militar de carreira. Estudei para ser diplomata. Levei 6 anos para obter meu t\u00edtulo em Rela\u00e7\u00f5es Pol\u00edticas Internacionais. Depois fui a Angola, como parte de uma miss\u00e3o internacional volunt\u00e1ria. E enquanto estava em Angola parece que chamei a aten\u00e7\u00e3o dos servi\u00e7os cubanos de intelig\u00eancia, e quando regressei me propuseram esta miss\u00e3o. Disseram, \u201cSabemos que estudastes para diplomata, mas sabes que nosso pa\u00eds tem uma situa\u00e7\u00e3o com esses grupos terroristas que v\u00eam da Fl\u00f3rida para cometer todo tipo de crimes e necessitamos que algu\u00e9m v\u00e1 e cumpra estas tarefas\u201d.<\/span><\/p>\n<p><span style=\"font-size: 14pt;\">Posso ter dito \u201cN\u00e3o, estudei diplomacia. Quero ser diplomata\u201d, mas n\u00f3s cubanos, os que crescemos com a Revolu\u00e7\u00e3o, sabemos que durante os \u00faltimos 50 anos nosso pa\u00eds tem estado em um entorno quase de guerra. Em Cuba, o que n\u00e3o conhece pessoalmente uma v\u00edtima do terrorismo ao menos sabe acerca do avi\u00e3o que explodiu em pleno voo sobre Barbados, no que morreram 73 pessoas (outubro de 1976). Quem n\u00e3o sabe da bomba posta por um salvadorenho que disse ter sido recrutado por Luis Posada, (em 1997) e que matou Fabio di Celmo (um turista italiano e h\u00f3spede do Hotel Copacabana em Havana) para s\u00f3 mencionar alguns atos? Num jardim da inf\u00e2ncia os contrarrevolucion\u00e1rios tocaram fogo num tanque de g\u00e1s. Estas a\u00e7\u00f5es s\u00e3o parte da consci\u00eancia cubana. Assim que disse aos oficiais de intelig\u00eancia: \u201cSim, estou disposto a cumprir essa miss\u00e3o\u201d.<\/span><\/p>\n<p><span style=\"font-size: 14pt;\">Landau: Como voc\u00ea conseguiu infiltrar-se nesses grupos? Como convenceu a gente como Jos\u00e9 Basulto (chefe de Hermanos al Rescate), por exemplo?<\/span><\/p>\n<p><span style=\"font-size: 14pt;\">Hern\u00e1ndez: Para os cubanos, neste pa\u00eds tudo est\u00e1 relacionado. Os cubanos nos Estados Unidos t\u00eam enormes privil\u00e9gios que n\u00e3o t\u00eam os cidad\u00e3os de nenhum outro pa\u00eds. Os cubanos chegam por qualquer rota, incluindo com passaporte falso, e a \u00fanico que t\u00eam que dizer \u00e9: \u201cVenho em busca de liberdade\u201d, e imediatamente os EUA lhes d\u00e1 todos os documentos necess\u00e1rios. Assim que no caso de Basulto, por exemplo, um de nossos companheiros que se infiltrou em Hermanos al Rescate, originalmente \u201croubou\u201d um avi\u00e3o em Cuba. Ren\u00e9 (Gonz\u00e1les, outro dos Cinco) pilotou o avi\u00e3o at\u00e9 aqui e, como \u00e9 de costume, foi recebido como um her\u00f3i. Recebeu muita aten\u00e7\u00e3o e depois se uniu aos Hermanos. Sua tarefa era copiar informa\u00e7\u00e3o acerca dessa organiza\u00e7\u00e3o.<\/span><\/p>\n<p><span style=\"font-size: 14pt;\">Assim que se me pergunta como o fizemos, digo que usamos como base para a infiltra\u00e7\u00e3o os mesmos privil\u00e9gios que todos os cubanos recebem quando chegam a este pa\u00eds, inclusive, aos que tenham tra\u00eddo a outros e tenham sequestrado avi\u00f5es, ou lhe tem posto uma pistola na cabe\u00e7a de algum piloto. Veja a gente como Leonel Mat\u00edas, que matou a algu\u00e9m num barco (em 1994, sequestrou um barco em Cuba e matou um oficial da Marinha). Ele chegou aqui nesse barco, com sua pistola, e inclusive descobriram o cad\u00e1ver. Mas apesar de tudo isso n\u00e3o teve que enfrentar nenhum processo no sistema judici\u00e1rio norte-americano. Essas pessoas automaticamente s\u00e3o anistiadas. E, assim, usando exatamente esse tipo de vantagem, pudemos penetrar essas organiza\u00e7\u00f5es at\u00e9 certo n\u00edvel.<\/span><\/p>\n<p><span style=\"font-size: 14pt;\">Quando menciono a Hermanos al Rescate alguns podem pensar: \u201cEssa \u00e9 uma organiza\u00e7\u00e3o humanit\u00e1ria que resgatou aos balseiros\u201d. Pelo contr\u00e1rio, enquanto suas atividades se limitaram a resgatar aos balseiros n\u00e3o tiveram problemas com as autoridades cubanas. O que a gente n\u00e3o sabe \u00e9 que Jos\u00e9 Basulto, o chefe dessa organiza\u00e7\u00e3o, tem uma longa hist\u00f3ria. Ele foi treinado pela CIA e se infiltrou em Cuba na d\u00e9cada de 1960. Em 1962, foi \u00e0 Cuba em uma lancha r\u00e1pida e percorreu a costa cubana, inclusive disparou contra um hotel. At\u00e9 Basulto, com todo seu hist\u00f3rico conhecido, n\u00e3o teve problemas enquanto limitou suas a\u00e7\u00f5es a resgatar os balseiros. No entanto, em 1995, os Estados Unidos e Cuba firmaram acordos migrat\u00f3rios que especificavam que os botes interceptados em alto mar j\u00e1 n\u00e3o viriam aos Estados Unidos, sen\u00e3o que seriam regressados \u00e0 Cuba. Nesse momento, a gente deixou de dar dinheiro a Basulto e sua organiza\u00e7\u00e3o porque disseram, \u201cPor que vamos dar dinheiro \u00e0 organiza\u00e7\u00e3o de Basulto se quando chamada a Guarda Costeira v\u00e3o devolver esses balseiros \u00e0 Cuba?\u201d<\/span><\/p>\n<p><span style=\"font-size: 14pt;\">Assim, quando Basulto viu que seu neg\u00f3cio estava em perigo, inventou esta invas\u00e3o (em 1995) do espa\u00e7o a\u00e9reo cubano como forma de que a gente continuasse dando dinheiro. Apresentamos esta evid\u00eancia em nosso caso. Se a imprensa n\u00e3o queria prestar muita aten\u00e7\u00e3o a isto\u2026 bom, n\u00e3o querem tocar esse material. N\u00e3o lhes diz respeito. Mas me refiro \u00e0 grande imprensa. Os documentos est\u00e3o a\u00ed, que provam que Basulto e Hermanos al Rescate estavam experimentando armas feitas \u00e0 m\u00e3o para introduzi-las em Cuba.<\/span><\/p>\n<p><span style=\"font-size: 14pt;\">Quando Basulto prestou testemunho em nosso ju\u00edzo (em 2001), nosso advogado lhe preguntou sobre o que pensava fazer com todas essas armas. Tudo isto se encontra nas atas, ainda que ningu\u00e9m parece querer prestar-lhe aten\u00e7\u00e3o. A gente tende a falar acerca de Hermanos al Rescate como se fora uma organiza\u00e7\u00e3o humanit\u00e1ria, e omite a parte do terrorismo, como omite o fato de que o FBI tamb\u00e9m penetrou essa organiza\u00e7\u00e3o. O FBI tinha algu\u00e9m dentro do grupo que lhe dava informa\u00e7\u00e3o acerca das atividades dos Hermanos. Para que vai penetrar o FBI numa organiza\u00e7\u00e3o humanit\u00e1ria?<\/span><\/p>\n<p><span style=\"font-size: 14pt;\">https:\/\/cubainformacion.tv\/\u2026\/9579-entrevista-a-gerardo-hern\u2026<\/span><\/p>\n<p><span style=\"font-size: 14pt;\">Foto: Wilson Co\u00ealho e Gerardo Hern\u00e1ndez Nordelo<\/span><\/p>\n","protected":false},"excerpt":{"rendered":"<p> <a class=\"more-link\" href=\"https:\/\/wilsoncoelho.praxis.pro.br\/index.php\/solidaridad-los-cinco\/\">Leia mais&#8230; &raquo;<\/a><\/p>\n","protected":false},"author":1,"featured_media":0,"parent":0,"menu_order":0,"comment_status":"closed","ping_status":"closed","template":"","meta":{"_price":"","_stock":"","_tribe_ticket_header":"","_tribe_default_ticket_provider":"","_tribe_ticket_capacity":"0","_ticket_start_date":"","_ticket_end_date":"","_tribe_ticket_show_description":"","_tribe_ticket_show_not_going":false,"_tribe_ticket_use_global_stock":"","_tribe_ticket_global_stock_level":"","_global_stock_mode":"","_global_stock_cap":"","_tribe_rsvp_for_event":"","_tribe_ticket_going_count":"","_tribe_ticket_not_going_count":"","_tribe_tickets_list":"[]","_tribe_ticket_has_attendee_info_fields":false,"footnotes":"","_tec_slr_enabled":"","_tec_slr_layout":""},"class_list":["post-223","page","type-page","status-publish","hentry"],"ticketed":false,"_links":{"self":[{"href":"https:\/\/wilsoncoelho.praxis.pro.br\/index.php\/wp-json\/wp\/v2\/pages\/223","targetHints":{"allow":["GET"]}}],"collection":[{"href":"https:\/\/wilsoncoelho.praxis.pro.br\/index.php\/wp-json\/wp\/v2\/pages"}],"about":[{"href":"https:\/\/wilsoncoelho.praxis.pro.br\/index.php\/wp-json\/wp\/v2\/types\/page"}],"author":[{"embeddable":true,"href":"https:\/\/wilsoncoelho.praxis.pro.br\/index.php\/wp-json\/wp\/v2\/users\/1"}],"replies":[{"embeddable":true,"href":"https:\/\/wilsoncoelho.praxis.pro.br\/index.php\/wp-json\/wp\/v2\/comments?post=223"}],"version-history":[{"count":3,"href":"https:\/\/wilsoncoelho.praxis.pro.br\/index.php\/wp-json\/wp\/v2\/pages\/223\/revisions"}],"predecessor-version":[{"id":229,"href":"https:\/\/wilsoncoelho.praxis.pro.br\/index.php\/wp-json\/wp\/v2\/pages\/223\/revisions\/229"}],"wp:attachment":[{"href":"https:\/\/wilsoncoelho.praxis.pro.br\/index.php\/wp-json\/wp\/v2\/media?parent=223"}],"curies":[{"name":"wp","href":"https:\/\/api.w.org\/{rel}","templated":true}]}}