{"id":202,"date":"2022-01-21T11:26:01","date_gmt":"2022-01-21T14:26:01","guid":{"rendered":"https:\/\/wilsoncoelho.praxis.pro.br\/?page_id=202"},"modified":"2022-07-05T15:04:05","modified_gmt":"2022-07-05T18:04:05","slug":"artigos","status":"publish","type":"page","link":"https:\/\/wilsoncoelho.praxis.pro.br\/index.php\/artigos\/","title":{"rendered":"Artigos de Wilson Co\u00ealho"},"content":{"rendered":"<p><span style=\"font-size: 14pt;\"><img loading=\"lazy\" decoding=\"async\" class=\"alignnone wp-image-297\" src=\"https:\/\/wilsoncoelho.praxis.pro.br\/wp-content\/uploads\/2022\/01\/pena2.png\" alt=\"\" width=\"42\" height=\"38\" \/><a href=\"https:\/\/teatrohoje.com.br\/2021\/12\/30\/o-teatro-de-artaud-entre-a-mitologia-e-a-peste\/?fbclid=IwAR1WNU8hqoPmxB_s5kPK-A5XueehQ8ymTz3pwfUgxqhNxZoRzeHI9r4VGco\">O teatro de Artaud &#8211; Entre a mitologia e a peste<\/a><\/span><\/p>\n<p>Resumo: O artigo tem como objetivo contribuir para uma reflex\u00e3o sobre o teatro proposto por Antonin Artaud e sua rela\u00e7\u00e3o com a mitologia e a peste. Se, por um lado, a mitologia pode ser entendida como uma narrativa que explica como o mundo e a humanidade foram constru\u00eddos para a forma que ent\u00e3o conhecemos, conv\u00e9m analisar que em muitos de seus escritos Artaud se manifesta como um verdadeiro iconoclasta, que em sua origem grega eikon (\u00edcone ou imagem) e klastein (quebrar) significa \u201cquebrador de imagem\u201d. Quanto \u00e0 peste Artaud acredita na sua capacidade de instalar a desordem e provocar conflitos para, assim, permitir a revela\u00e7\u00e3o de verdades socialmente insuport\u00e1veis, como propunha em seu \u201cteatro da crueldade<span style=\"font-size: 12pt;\">\u201d. [<a href=\"https:\/\/teatrohoje.com.br\/2021\/12\/30\/o-teatro-de-artaud-entre-a-mitologia-e-a-peste\/?fbclid=IwAR1WNU8hqoPmxB_s5kPK-A5XueehQ8ymTz3pwfUgxqhNxZoRzeHI9r4VGco\">Leia mais &#8230;<\/a>]<\/span><\/p>\n<hr \/>\n<p><span style=\"font-size: 14pt;\"><img loading=\"lazy\" decoding=\"async\" class=\"alignnone wp-image-297\" src=\"https:\/\/wilsoncoelho.praxis.pro.br\/wp-content\/uploads\/2022\/01\/pena2.png\" alt=\"\" width=\"42\" height=\"38\" \/><a href=\"https:\/\/arcagulharevistadecultura.blogspot.com\/2021\/11\/wilson-coelho-dramaturgia-brasileira.html?m=1\" target=\"_blank\" rel=\"noopener\">Dramaturgia brasileira nas coxias. Entre as cenas e as obscenas.<\/a><\/span><\/p>\n<p>Apesar de n\u00e3o acreditar que seja esta a origem das artes c\u00eanicas, mas tomando emprestada a ideia de que o teatro tal como conhecemos hoje surgiu na Gr\u00e9cia Antiga, no s\u00e9culo IV a.C., cujo termo grego \u201c<em>theatron<\/em>\u201d significa \u201clugar para ver\u201d, tamb\u00e9m parece oportuno entender o teatro, muito mais do que ser um local p\u00fablico onde se v\u00ea, mas tamb\u00e9m o lugar onde se coloca uma quest\u00e3o de viv\u00eancia das ambiguidades, paradoxos e contradi\u00e7\u00f5es de uma sociedade ou agrupamento humano, onde as coisas s\u00e3o tomadas em mais de uma forma ou significado. Nesse sentido, o teatro n\u00e3o se resume no sentido do ver, mas tamb\u00e9m numa experi\u00eancia intensa e de reflex\u00e3o sobre a realidade. [<span style=\"font-size: 14pt;\"><a href=\"https:\/\/arcagulharevistadecultura.blogspot.com\/2021\/11\/wilson-coelho-dramaturgia-brasileira.html?m=1\" target=\"_blank\" rel=\"noopener\">Leia mais&#8230;<\/a>]<\/span><\/p>\n<hr \/>\n<p><span style=\"font-size: 14pt;\"><img loading=\"lazy\" decoding=\"async\" class=\"alignnone wp-image-297\" src=\"https:\/\/wilsoncoelho.praxis.pro.br\/wp-content\/uploads\/2022\/01\/pena2.png\" alt=\"\" width=\"42\" height=\"38\" \/><a href=\"https:\/\/periodicos.ufes.br\/fernao\/article\/view\/35763\/23467\" target=\"_blank\" rel=\"noopener\">Aspectos da trag\u00e9dia em Queimados: documento c\u00eanico, de Luiz Guilherme Santos Neves<\/a><\/span><\/p>\n<p>Baseada na Insurrei\u00e7\u00e3o do Queimado \u2013Epis\u00f3dio da Hist\u00f3ria da Prov\u00edncia do Esp\u00edrito Santo, de Afonso Cl\u00e1udio, a pe\u00e7a teatral Queimados: documento c\u00eanico, de Luiz Guilherme Santos Neves, publicada em 1977, \u00e9, para al\u00e9m de um \u201cdocumento c\u00eanico\u201d, como prop\u00f5e o autor, um resgateda mem\u00f3ria de nosso estado, tanto no que diz respeito ao processo genocida e autorit\u00e1rio de nossa forma\u00e7\u00e3o quanto no papel do negro na resist\u00eancia. E a import\u00e2ncia dessa obra tamb\u00e9m se d\u00e1 por retirar a invisibilidade da hist\u00f3ria do Esp\u00edrito Santo no cen\u00e1rio nacional<span style=\"font-size: 12pt;\"> [<a href=\"https:\/\/periodicos.ufes.br\/fernao\/article\/view\/35763\/23467\" target=\"_blank\" rel=\"noopener\">Leia mais&#8230; <\/a>]<\/span><\/p>\n<hr \/>\n<p><span style=\"font-size: 14pt;\"><img loading=\"lazy\" decoding=\"async\" class=\"alignnone wp-image-297\" src=\"https:\/\/wilsoncoelho.praxis.pro.br\/wp-content\/uploads\/2022\/01\/pena2.png\" alt=\"\" width=\"42\" height=\"38\" \/><a href=\"https:\/\/wilsoncoelho.praxis.pro.br\/index.php\/ouro-de-tolo\/\">Ouro de Tolo.<\/a><\/span><\/p>\n<p>Como reza a lenda, os canelas verdes, alcunha dos moradores de Vila Velha, no dia 23 de maio comemoram o dia da Coloniza\u00e7\u00e3o do Solo Esp\u00edrito Santense, lembrando os 23 de maio de 1535 quando os portugueses, a bordo da caravela Gl\u00f3ria, desembarcaram na Prainha, em Vila Velha, para colonizar a ent\u00e3o Capitania do Esp\u00edrito Santo. Sem querer entrar em muitos detalhes, refiro-me ao fato de que Vasco Fernandes Coutinho recebeu por Carta de Doa\u00e7\u00e3o e Carta Foral a tal Capitania do Esp\u00edrito Santo. Nesta \u201ccomemora\u00e7\u00e3o\u201d que acontece todos os anos, s\u00e3o distribu\u00eddas medalhas como o reconhecimento de algumas pessoas por servi\u00e7os ou a\u00e7\u00f5es merit\u00f3rias prestados em diversas \u00e1rea<span style=\"font-size: 12pt;\">s. [<a href=\"https:\/\/wilsoncoelho.praxis.pro.br\/index.php\/ouro-de-tolo\/\">Leia mais&#8230;<\/a>]<\/span><\/p>\n<hr \/>\n<p><span style=\"font-size: 14pt;\"><img loading=\"lazy\" decoding=\"async\" class=\"alignnone wp-image-297\" src=\"https:\/\/wilsoncoelho.praxis.pro.br\/wp-content\/uploads\/2022\/01\/pena2.png\" alt=\"\" width=\"42\" height=\"38\" \/><a href=\"https:\/\/wilsoncoelho.praxis.pro.br\/index.php\/solidaridad-los-cinco\/\">Solidaridad Los Cinco.<\/a><\/span><\/p>\n<p>Entrevista a Gerardo Hern\u00e1ndez, preso pol\u00edtico cubano nos EUA \u2013 Solidaridad Los Cinco \u2013 21\/04\/2009 (Trad. Wilson Co\u00ealho)<\/p>\n<p>Cubainformaci\u00f3n.- Esta conversa aconteceu no dia 1\u00ba de abril de 2009. Nossa equipe de filmagem recebeu a aprova\u00e7\u00e3o do Departamento de Justi\u00e7a para falar com \u201co prisioneiro\u201d em presen\u00e7a de um funcion\u00e1rio da pris\u00e3o. Antes de seu arresto em 1998, Gerardo dirigiu as opera\u00e7\u00f5es dos outros agentes da Seguran\u00e7a do Estado cubana que se infiltraram em grupos violentos na \u00e1rea de Miami com o prop\u00f3sito de impedir que realizassem ataques terroristas contra instala\u00e7\u00f5es tur\u00edsticas em Cub<span style=\"font-size: 12pt;\">a. [<a href=\"https:\/\/wilsoncoelho.praxis.pro.br\/index.php\/solidaridad-los-cinco\/\">Leia mais&#8230;<\/a>]<\/span><\/p>\n<hr \/>\n<p><span style=\"font-size: 14pt;\"><img loading=\"lazy\" decoding=\"async\" class=\"alignnone wp-image-297\" src=\"https:\/\/wilsoncoelho.praxis.pro.br\/wp-content\/uploads\/2022\/01\/pena2.png\" alt=\"\" width=\"42\" height=\"38\" \/><a href=\"http:\/\/www.porticolibrerias.es\/c\/PS619LES.pdf\" target=\"_blank\" rel=\"noopener\">El sue\u00f1o es solamente un detalle<\/a><\/span><\/p>\n<hr \/>\n<p><span style=\"font-size: 14pt;\"><img loading=\"lazy\" decoding=\"async\" class=\"alignnone wp-image-297\" src=\"https:\/\/wilsoncoelho.praxis.pro.br\/wp-content\/uploads\/2022\/01\/pena2.png\" alt=\"\" width=\"42\" height=\"38\" \/><a href=\"https:\/\/produccioncientificaluz.org\/index.php\/utopia\/article\/view\/2620\/2620\" target=\"_blank\" rel=\"noopener\">Antonin Artaud: tratamento cruel ou cirurgia ontol\u00f3gica?<\/a><\/span><\/p>\n<p>El art\u00edculo tiene como objetivo \u2013a pesar desu modestia\u2013 contribuir a una mejor compren-si\u00f3n de la relaci\u00f3n de parentesco de Antonin Artaud, con muchos de sus conrtempor\u00e1neos considerados como \u201cvanguardistas\u201d. Al mismo tiempo, se pretende desmitificar la idea que se tiene deArtaud s\u00f3lo como un hombre de teatro, si tenemos en cuenta su actuaci\u00f3n en otras \u00e1reas. Sobretodo, su contribuci\u00f3n al pensamiento y su constante necesidad de comunicarse con el mundo; principalmente, cuando afirma que \u201cEuropa secristaliza, se momifica lentamente bajo las ataduras de sus fronteras, sus f\u00e1bricas, sus tribunales, sus universidades\u201d. Por otro lado, se tiene la pre-tensi\u00f3n de propiciar una discusi\u00f3n capaz de liberarlo de la condici\u00f3n de mero objeto de an\u00e1lisispara los estudios psiqui\u00e1tricos.<\/p>\n<hr \/>\n<p><span style=\"font-size: 14pt;\"><img loading=\"lazy\" decoding=\"async\" class=\"alignnone size-full wp-image-215\" src=\"https:\/\/wilsoncoelho.praxis.pro.br\/wp-content\/uploads\/2022\/01\/escritoresrepreistock2407.jpg\" alt=\"\" width=\"648\" height=\"485\" srcset=\"https:\/\/wilsoncoelho.praxis.pro.br\/wp-content\/uploads\/2022\/01\/escritoresrepreistock2407.jpg 648w, https:\/\/wilsoncoelho.praxis.pro.br\/wp-content\/uploads\/2022\/01\/escritoresrepreistock2407-300x225.jpg 300w\" sizes=\"auto, (max-width: 648px) 100vw, 648px\" \/><\/span><\/p>\n<p><span style=\"font-size: 14pt;\">Foto: iStock<\/span><\/p>\n","protected":false},"excerpt":{"rendered":"<p> <a class=\"more-link\" href=\"https:\/\/wilsoncoelho.praxis.pro.br\/index.php\/artigos\/\">Leia mais&#8230; &raquo;<\/a><\/p>\n","protected":false},"author":1,"featured_media":0,"parent":0,"menu_order":0,"comment_status":"closed","ping_status":"closed","template":"","meta":{"_price":"","_stock":"","_tribe_ticket_header":"","_tribe_default_ticket_provider":"","_tribe_ticket_capacity":"0","_ticket_start_date":"","_ticket_end_date":"","_tribe_ticket_show_description":"","_tribe_ticket_show_not_going":false,"_tribe_ticket_use_global_stock":"","_tribe_ticket_global_stock_level":"","_global_stock_mode":"","_global_stock_cap":"","_tribe_rsvp_for_event":"","_tribe_ticket_going_count":"","_tribe_ticket_not_going_count":"","_tribe_tickets_list":"[]","_tribe_ticket_has_attendee_info_fields":false,"footnotes":"","_tec_slr_enabled":"","_tec_slr_layout":""},"class_list":["post-202","page","type-page","status-publish","hentry"],"ticketed":false,"_links":{"self":[{"href":"https:\/\/wilsoncoelho.praxis.pro.br\/index.php\/wp-json\/wp\/v2\/pages\/202","targetHints":{"allow":["GET"]}}],"collection":[{"href":"https:\/\/wilsoncoelho.praxis.pro.br\/index.php\/wp-json\/wp\/v2\/pages"}],"about":[{"href":"https:\/\/wilsoncoelho.praxis.pro.br\/index.php\/wp-json\/wp\/v2\/types\/page"}],"author":[{"embeddable":true,"href":"https:\/\/wilsoncoelho.praxis.pro.br\/index.php\/wp-json\/wp\/v2\/users\/1"}],"replies":[{"embeddable":true,"href":"https:\/\/wilsoncoelho.praxis.pro.br\/index.php\/wp-json\/wp\/v2\/comments?post=202"}],"version-history":[{"count":25,"href":"https:\/\/wilsoncoelho.praxis.pro.br\/index.php\/wp-json\/wp\/v2\/pages\/202\/revisions"}],"predecessor-version":[{"id":419,"href":"https:\/\/wilsoncoelho.praxis.pro.br\/index.php\/wp-json\/wp\/v2\/pages\/202\/revisions\/419"}],"wp:attachment":[{"href":"https:\/\/wilsoncoelho.praxis.pro.br\/index.php\/wp-json\/wp\/v2\/media?parent=202"}],"curies":[{"name":"wp","href":"https:\/\/api.w.org\/{rel}","templated":true}]}}