{"id":19,"date":"2021-12-22T23:50:54","date_gmt":"2021-12-23T02:50:54","guid":{"rendered":"https:\/\/wilsoncoelho.praxis.pro.br\/?page_id=19"},"modified":"2026-02-23T09:48:07","modified_gmt":"2026-02-23T12:48:07","slug":"wilson-coelho","status":"publish","type":"page","link":"https:\/\/wilsoncoelho.praxis.pro.br\/index.php\/wilson-coelho\/","title":{"rendered":"Wilson Co\u00ealho"},"content":{"rendered":"<p><span style=\"color: #222222;\"><span style=\"font-family: Arial, serif;\"><img loading=\"lazy\" decoding=\"async\" class=\"alignnone size-full wp-image-391\" src=\"https:\/\/wilsoncoelho.praxis.pro.br\/wp-content\/uploads\/2022\/05\/Copia-de-Design-sem-nome-5-1.png\" alt=\"\" width=\"804\" height=\"514\" srcset=\"https:\/\/wilsoncoelho.praxis.pro.br\/wp-content\/uploads\/2022\/05\/Copia-de-Design-sem-nome-5-1.png 804w, https:\/\/wilsoncoelho.praxis.pro.br\/wp-content\/uploads\/2022\/05\/Copia-de-Design-sem-nome-5-1-300x192.png 300w, https:\/\/wilsoncoelho.praxis.pro.br\/wp-content\/uploads\/2022\/05\/Copia-de-Design-sem-nome-5-1-768x491.png 768w\" sizes=\"auto, (max-width: 804px) 100vw, 804px\" \/><\/span><\/span><\/p>\n<p><span style=\"color: #222222;\"><span style=\"font-family: Arial, serif;\"><b>Wilson Co\u00ealho<\/b><\/span><\/span><span style=\"color: #222222;\"><span style=\"font-family: Arial, serif;\"> \u00e9 poeta, tradutor, palestrante, dramaturgo e escritor com 30 livros publicados, licenciado e bacharel em Filosofia e Mestre em Estudos Liter\u00e1rios pela Universidade Federal do Esp\u00edrito Santo, Doutor em Literatura Comparada pela Universidade Federal Fluminense e <\/span><\/span><span style=\"color: #222222;\"><span style=\"font-family: Arial, serif;\">Auditor Real<\/span><\/span><span style=\"color: #222222;\"><span style=\"font-family: Arial, serif;\">\u00a0do Coll\u00e8ge de Pataphysique de Paris, do qual recebeu, em 2013 o diploma de \u201c<em>Commandeur Exquis<\/em>\u201d.\u00a0 Assina a dire\u00e7\u00e3o de 32 espet\u00e1culos montados com o Grupo Tarahumaras de Teatro, com participa\u00e7\u00e3o em festivais e semin\u00e1rios de teatro no pa\u00eds e no exterior, como Espanha, Chile, Argentina, Fran\u00e7a e Cuba, ministrando palestras e oficinas. Ao longo deste trabalho de pesquisa, o Grupo tornou-se objeto de estudo da francesa Catherine Faudry em sua tese, na Universit\u00e9 Stendhal, Grenoble-France, intitulada \u201c<\/span><\/span><span style=\"color: #222222;\"><span style=\"font-family: Arial, serif;\"><i>Th\u00e9\u00e2tre au Br\u00e9sil: Explotation des Tendances Actueles dans la Recherche d\u2019une Communication avec le Public\u201d.\u00a0<\/i><\/span><\/span><span style=\"color: #222222;\"><span style=\"font-family: Arial, serif;\">Tamb\u00e9m tem participado como jurado em concursos liter\u00e1rios e festivais de m\u00fasica. Al\u00e9m de lan\u00e7amentos e palestras, ministrou oficinas de dramaturgia em 18 estados brasileiros. Participa de diversos movimentos e eventos de teatro na Am\u00e9rica Latina, em especial, Cuba, Argentina e Chile.<\/span><\/span><\/p>\n<p><strong>Celular: <\/strong><a href=\"tel:+552799816-7616\">+55 27 99816-7616<\/a> <a href=\"https:\/\/wa.me\/5527998167616\"><img loading=\"lazy\" decoding=\"async\" class=\"alignnone wp-image-137\" src=\"https:\/\/wilsoncoelho.praxis.pro.br\/wp-content\/uploads\/2021\/12\/whatsapp-150x150.png\" alt=\"\" width=\"34\" height=\"34\" srcset=\"https:\/\/wilsoncoelho.praxis.pro.br\/wp-content\/uploads\/2021\/12\/whatsapp-150x150.png 150w, https:\/\/wilsoncoelho.praxis.pro.br\/wp-content\/uploads\/2021\/12\/whatsapp-300x300.png 300w, https:\/\/wilsoncoelho.praxis.pro.br\/wp-content\/uploads\/2021\/12\/whatsapp-1019x1024.png 1019w, https:\/\/wilsoncoelho.praxis.pro.br\/wp-content\/uploads\/2021\/12\/whatsapp-768x772.png 768w, https:\/\/wilsoncoelho.praxis.pro.br\/wp-content\/uploads\/2021\/12\/whatsapp-1529x1536.png 1529w, https:\/\/wilsoncoelho.praxis.pro.br\/wp-content\/uploads\/2021\/12\/whatsapp-2039x2048.png 2039w, https:\/\/wilsoncoelho.praxis.pro.br\/wp-content\/uploads\/2021\/12\/whatsapp-200x200.png 200w, https:\/\/wilsoncoelho.praxis.pro.br\/wp-content\/uploads\/2021\/12\/whatsapp-100x100.png 100w, https:\/\/wilsoncoelho.praxis.pro.br\/wp-content\/uploads\/2021\/12\/whatsapp-40x40.png 40w\" sizes=\"auto, (max-width: 34px) 100vw, 34px\" \/><\/a><\/p>\n<p><strong>E-mail: <\/strong><a href=\"mailto:wilsoncoelho@gmail.com\">wilsoncoelho@gmail.com<\/a><\/p>\n<p><strong>Lattes:<\/strong> <a href=\"http:\/\/buscatextual.cnpq.br\/buscatextual\/visualizacv.do?id=K4717800E6\">http:\/\/buscatextual.cnpq.br\/buscatextual\/visualizacv.do?id=K4717800E6<\/a><\/p>\n<p><iframe loading=\"lazy\" src=\"\/\/www.youtube.com\/embed\/DVtyQDitY9w\" width=\"560\" height=\"314\" allowfullscreen=\"allowfullscreen\"><\/iframe><br \/>\n#wilsonco\u00ealho #arte #literatura #teatro<\/p>\n","protected":false},"excerpt":{"rendered":"<p> <a class=\"more-link\" href=\"https:\/\/wilsoncoelho.praxis.pro.br\/index.php\/wilson-coelho\/\">Leia mais&#8230; &raquo;<\/a><\/p>\n","protected":false},"author":1,"featured_media":0,"parent":0,"menu_order":0,"comment_status":"closed","ping_status":"closed","template":"","meta":{"_price":"","_stock":"","_tribe_ticket_header":"","_tribe_default_ticket_provider":"","_tribe_ticket_capacity":"0","_ticket_start_date":"","_ticket_end_date":"","_tribe_ticket_show_description":"","_tribe_ticket_show_not_going":false,"_tribe_ticket_use_global_stock":"","_tribe_ticket_global_stock_level":"","_global_stock_mode":"","_global_stock_cap":"","_tribe_rsvp_for_event":"","_tribe_ticket_going_count":"","_tribe_ticket_not_going_count":"","_tribe_tickets_list":"[]","_tribe_ticket_has_attendee_info_fields":false,"footnotes":"","_tec_slr_enabled":"","_tec_slr_layout":""},"class_list":["post-19","page","type-page","status-publish","hentry"],"ticketed":false,"_links":{"self":[{"href":"https:\/\/wilsoncoelho.praxis.pro.br\/index.php\/wp-json\/wp\/v2\/pages\/19","targetHints":{"allow":["GET"]}}],"collection":[{"href":"https:\/\/wilsoncoelho.praxis.pro.br\/index.php\/wp-json\/wp\/v2\/pages"}],"about":[{"href":"https:\/\/wilsoncoelho.praxis.pro.br\/index.php\/wp-json\/wp\/v2\/types\/page"}],"author":[{"embeddable":true,"href":"https:\/\/wilsoncoelho.praxis.pro.br\/index.php\/wp-json\/wp\/v2\/users\/1"}],"replies":[{"embeddable":true,"href":"https:\/\/wilsoncoelho.praxis.pro.br\/index.php\/wp-json\/wp\/v2\/comments?post=19"}],"version-history":[{"count":16,"href":"https:\/\/wilsoncoelho.praxis.pro.br\/index.php\/wp-json\/wp\/v2\/pages\/19\/revisions"}],"predecessor-version":[{"id":648,"href":"https:\/\/wilsoncoelho.praxis.pro.br\/index.php\/wp-json\/wp\/v2\/pages\/19\/revisions\/648"}],"wp:attachment":[{"href":"https:\/\/wilsoncoelho.praxis.pro.br\/index.php\/wp-json\/wp\/v2\/media?parent=19"}],"curies":[{"name":"wp","href":"https:\/\/api.w.org\/{rel}","templated":true}]}}