{"id":116,"date":"2021-12-28T19:55:29","date_gmt":"2021-12-28T22:55:29","guid":{"rendered":"https:\/\/wilsoncoelho.praxis.pro.br\/?page_id=116"},"modified":"2024-08-22T10:00:34","modified_gmt":"2024-08-22T13:00:34","slug":"entrevistas","status":"publish","type":"page","link":"https:\/\/wilsoncoelho.praxis.pro.br\/index.php\/entrevistas\/","title":{"rendered":"Entrevistas"},"content":{"rendered":"<p><strong>Wilson Co\u00ealho recebe o pr\u00eamio &#8220;Milson Henriques de Trajet\u00f3rias Art\u00edsticas&#8221; &#8211; 2024<\/strong><\/p>\n<p><iframe loading=\"lazy\" title=\"Wilson Co\u00ealho recebe o pr\u00eamio &quot;Milson Henriques de Trajet\u00f3rias Art\u00edsticas&quot;\" width=\"780\" height=\"439\" src=\"https:\/\/www.youtube.com\/embed\/19k6mJvr5aU?feature=oembed\" frameborder=\"0\" allow=\"accelerometer; autoplay; clipboard-write; encrypted-media; gyroscope; picture-in-picture; web-share\" referrerpolicy=\"strict-origin-when-cross-origin\" allowfullscreen><\/iframe><\/p>\n<p><strong>Wilson Co\u00ealho \u00e9 o entrevistado do programa SIM para a Literatura &#8211; Edi\u00e7\u00e3o de 09\/12\/2023\u00a0<\/strong><\/p>\n<p><iframe loading=\"lazy\" title=\"Wilson Co\u00ealho \u00e9 o entrevistado do programa SIM para a literatura\" width=\"780\" height=\"439\" src=\"https:\/\/www.youtube.com\/embed\/g0K5laK0rsE?feature=oembed\" frameborder=\"0\" allow=\"accelerometer; autoplay; clipboard-write; encrypted-media; gyroscope; picture-in-picture; web-share\" allowfullscreen><\/iframe><\/p>\n<p>&nbsp;<\/p>\n<p><strong>Vida em Cena &#8211; Tarahumaras &#8211; 2023<\/strong><\/p>\n<p><iframe loading=\"lazy\" title=\"VIDA EM CENA - TARAHUMARAS || EP 8\" width=\"780\" height=\"439\" src=\"https:\/\/www.youtube.com\/embed\/RtE4FqFpZdk?feature=oembed\" frameborder=\"0\" allow=\"accelerometer; autoplay; clipboard-write; encrypted-media; gyroscope; picture-in-picture; web-share\" allowfullscreen><\/iframe><\/p>\n<p>&nbsp;<\/p>\n<p>&nbsp;<\/p>\n<p><strong>TVE divulgou o Lan\u00e7amento do Livro &#8220;Vietn\u00e3&#8221;, de Wilson Coelho e a homenagem ao Altemar Dutra &#8211; 12\/2023<\/strong><\/p>\n<p><iframe loading=\"lazy\" title=\"TVE divulgou o Lan\u00e7amento do Livro &quot;Vietn\u00e3&quot;, de Wilson Coelho e homenagem ao Altemar Dutra\" width=\"780\" height=\"439\" src=\"https:\/\/www.youtube.com\/embed\/C6QopoLF3yE?feature=oembed\" frameborder=\"0\" allow=\"accelerometer; autoplay; clipboard-write; encrypted-media; gyroscope; picture-in-picture; web-share\" allowfullscreen><\/iframe><\/p>\n<p>#wilsonco\u00ealho #tve<\/p>\n<p>&nbsp;<\/p>\n<p><strong>AR Podcast, com o convidado: Wilson Co\u00ealho &#8211; 05\/01\/2023<\/strong><\/p>\n<p><iframe loading=\"lazy\" title=\"Wilson Co\u00ealho - AR PODCAST #16\" width=\"780\" height=\"439\" src=\"https:\/\/www.youtube.com\/embed\/4AEM9IwYZL0?feature=oembed\" frameborder=\"0\" allow=\"accelerometer; autoplay; clipboard-write; encrypted-media; gyroscope; picture-in-picture; web-share\" allowfullscreen><\/iframe><\/p>\n<hr \/>\n<p><strong>Fernando Arrabal &#8211; Feliz cumple! 90 anos &#8211; 11\/08\/2022<\/strong><\/p>\n<p><iframe loading=\"lazy\" title=\"Fernando Arrabal - Feliz cumple! 90 anos\" width=\"780\" height=\"439\" src=\"https:\/\/www.youtube.com\/embed\/621BNfABZN8?start=7&#038;feature=oembed\" frameborder=\"0\" allow=\"accelerometer; autoplay; clipboard-write; encrypted-media; gyroscope; picture-in-picture; web-share\" allowfullscreen><\/iframe><\/p>\n<p>PARTICIPA\u00c7\u00c3O: \u2611\ufe0f Marcos Vasques &#8211; Poeta, editor e cr\u00edtico de teatro. \u2611\ufe0f Diana Castellanos &#8211; Curadora da Feira Internacional de Cinema de Manizales \u2611\ufe0f Wilson Co\u00ealho &#8211; Dramaturgo, escritor e tradutor \u2611\ufe0f Claudio Willer &#8211; Poeta, ensa\u00edsta, cr\u00edtico e tradutor \u2611\ufe0f Valdir Rocha &#8211; Artista pl\u00e1stico e editor<\/p>\n<hr \/>\n<p>Videoconfer\u00eancia transmitida ao vivo com leitura de textos no lan\u00e7amento da <strong>Teatro Hoje no Esp\u00edrito Santo &#8211; 2021<\/strong><\/p>\n<p><iframe loading=\"lazy\" title=\"Cita\u00e7\u00e3o Teatro Hoje 2021\" width=\"780\" height=\"439\" src=\"https:\/\/www.youtube.com\/embed\/3W_LY2acT84?feature=oembed\" frameborder=\"0\" allow=\"accelerometer; autoplay; clipboard-write; encrypted-media; gyroscope; picture-in-picture; web-share\" allowfullscreen><\/iframe><\/p>\n<p>A <strong>Casa da M\u00fasica S\u00f4nia Cabral<\/strong>, no Centro Alto de Vit\u00f3ria, no Esp\u00edrito Santo, recebeu o <strong>I Forum TH<\/strong>, espa\u00e7o criado para <strong>debates de pautas c\u00eanicas da publica\u00e7\u00e3o digital Teatro Hoje<\/strong> [<a href=\"https:\/\/teatrohoje.com.br\/2022\/01\/24\/teatro-hoje-realiza-o-i-forum-th\/\">mais informa\u00e7\u00e3o &#8230;<\/a>]<\/p>\n<hr \/>\n<p><span style=\"font-size: 14pt;\"><strong>Semin\u00e1rio Internacional Teatro e Mito &#8211; 10\/09\/2020<\/strong><\/span><\/p>\n<p><iframe loading=\"lazy\" title=\"Semin\u00e1rio Internacional Teatro e Mito - 10 de setembro de 2020\" width=\"780\" height=\"439\" src=\"https:\/\/www.youtube.com\/embed\/ElRIXU7veoQ?feature=oembed\" frameborder=\"0\" allow=\"accelerometer; autoplay; clipboard-write; encrypted-media; gyroscope; picture-in-picture; web-share\" allowfullscreen><\/iframe><\/p>\n<hr \/>\n<p><span style=\"font-size: 14pt;\"><strong>Programa Sim para a Literatura-Edi\u00e7\u00e3o de 22\/08\/2020 Homenagem ao escritor espanhol Fernando Arrabal<\/strong><\/span><\/p>\n<p><iframe loading=\"lazy\" title=\"Programa Sim para a Literatura-Edi\u00e7\u00e3o de 22 08 2020 Homenagem ao escritor espanhol Fernando Arrabal\" width=\"780\" height=\"439\" src=\"https:\/\/www.youtube.com\/embed\/asE4ujoYZBQ?feature=oembed\" frameborder=\"0\" allow=\"accelerometer; autoplay; clipboard-write; encrypted-media; gyroscope; picture-in-picture; web-share\" allowfullscreen><\/iframe><\/p>\n<hr \/>\n<p><strong>Programa Sim para a Literatura-Edi\u00e7\u00e3o completa de 22\/08\/2020:<\/strong><\/p>\n<p><a href=\"https:\/\/fb.watch\/bjyO1Zes5G\">https:\/\/fb.watch\/bjyO1Zes5G<\/a><\/p>\n<p>&nbsp;<\/p>\n<hr \/>\n<p><span style=\"font-size: 14pt;\"><strong>Programa Poesia e prosa com Gisele Lemos recebe Wilson Co\u00ealho (19\/07\/2020)<\/strong><\/span><\/p>\n<p><iframe loading=\"lazy\" title=\"Prg Poesia e Prosa (04) com Gisele Lemos recebe Wilson Co\u00ealho 190720\" width=\"780\" height=\"439\" src=\"https:\/\/www.youtube.com\/embed\/ZuD2ck9ofzc?feature=oembed\" frameborder=\"0\" allow=\"accelerometer; autoplay; clipboard-write; encrypted-media; gyroscope; picture-in-picture; web-share\" allowfullscreen><\/iframe><\/p>\n<hr \/>\n<p><span style=\"font-size: 14pt;\"><strong> Wilson Co\u00ealho &#8211; Entrevistas (22\/05\/2020)<\/strong><\/span><\/p>\n<p><em><span style=\"font-size: 14pt;\">Por Artur Gomes Com Os Dentes Cravados Na mem\u00f3ria<\/span><\/em><\/p>\n<p><span style=\"font-size: 14pt;\">No m\u00eas de setembro de 1990, est\u00e1vamos\u00a0\u00a0em Registro-SP, com Gabriel de La Puente, Uilcon Pereira, Dalila Teles Veras, Hygia Ferreira, Carlos Careqa, H\u00e9lio Letes, Leila M\u00edccolis, Costa K, o saudoso Caio Fernando Abreu e uma troupe imensa de poetas, escritores, pintores, atores, m\u00fasicos e palha\u00e7os\u00a0\u00a0para a realiza\u00e7\u00e3o do\u00a0 <b><strong>Semin\u00e1rio<\/strong><\/b>\u00a0<b><strong>&#8211;\u00a0\u00a0Brasil:\u00a0\u00a0Cultura &amp; Resist\u00eancia.<\/strong><\/b>\u00a0Al\u00e9m de performances po\u00e9ticas, minha atividade no evento foi tamb\u00e9m dirigir uma Oficina de Teatro, com o t\u00edtulo:\u00a0<b><strong>Uma Pedra No Meio do Caminho.<\/strong><\/b><\/span><\/p>\n<p><span style=\"font-size: 14pt;\">E foi nessa Oficina que conheci Wilson Co\u00ealho, e a sua maestria de lidar com as quest\u00f5es teatrais. me lembro de um dos exerc\u00edcios que apliquei, onde os participantes da Oficina eram lavados a carregar\u00a0<b><strong>&#8220;pesadas pedras&#8221;,<\/strong><\/b>\u00a0Wilson\u00a0\u00a0literalmente as tirava do\u00a0<b><strong>&#8220;meio do caminho&#8221; <\/strong><\/b>(<\/span><a href=\"https:\/\/arturgumes.blogspot.com\/2020\/05\/wilson-coelho-entrevistas.html\"><span style=\"font-size: 14pt;\">leia mais &#8230;)<\/span><\/a><\/p>\n<p><img loading=\"lazy\" decoding=\"async\" class=\"alignnone size-full wp-image-299\" src=\"https:\/\/wilsoncoelho.praxis.pro.br\/wp-content\/uploads\/2022\/01\/wilsoncoelho10.jpg\" alt=\"\" width=\"353\" height=\"400\" srcset=\"https:\/\/wilsoncoelho.praxis.pro.br\/wp-content\/uploads\/2022\/01\/wilsoncoelho10.jpg 353w, https:\/\/wilsoncoelho.praxis.pro.br\/wp-content\/uploads\/2022\/01\/wilsoncoelho10-265x300.jpg 265w\" sizes=\"auto, (max-width: 353px) 100vw, 353px\" \/><\/p>\n<hr \/>\n<p><span style=\"font-size: 14pt;\"><strong>Programa &#8216;Sim para a Literatura&#8217; &#8211; Edi\u00e7\u00e3o de 02\/12\/2017 &#8211; Entrevista com Wilson Coelho<\/strong><\/span><\/p>\n<p><iframe loading=\"lazy\" title=\"Programa &#039;Sim para a Literatura&#039; - Edi\u00e7\u00e3o de 02 12 2017 - Entrevista com Wilson Coelho\" width=\"780\" height=\"439\" src=\"https:\/\/www.youtube.com\/embed\/xAeh24nGFhU?start=493&#038;feature=oembed\" frameborder=\"0\" allow=\"accelerometer; autoplay; clipboard-write; encrypted-media; gyroscope; picture-in-picture; web-share\" allowfullscreen><\/iframe><\/p>\n<hr \/>\n<p><span style=\"font-size: 14pt;\"><strong>Programa &#8220;Um dedo de prosa&#8221;, com o convidado Wilson Co\u00ealho &#8211; maio\/2016<\/strong><\/span><\/p>\n<p><iframe loading=\"lazy\" title=\"Um Dedo de Prosa - Wilson Coelho - 12.05.2016\" width=\"780\" height=\"585\" src=\"https:\/\/www.youtube.com\/embed\/xr4X63_J7Lg?feature=oembed\" frameborder=\"0\" allow=\"accelerometer; autoplay; clipboard-write; encrypted-media; gyroscope; picture-in-picture; web-share\" allowfullscreen><\/iframe><\/p>\n<hr \/>\n<p><span style=\"font-size: 14pt;\"><strong>S\u00e9rie &#8220;Outros Autores&#8221; (por Ant\u00f4nio Cunha): 167 &#8211; Wilson Co\u00ealho: Vontade<\/strong><\/span><\/p>\n<p><iframe loading=\"lazy\" title=\"S\u00c9RIE &quot;OUTROS AUTORES&quot; (POR ANT\u00d4NIO CUNHA): 167 \u2013 WILSON CO\u00caLHO: VONTADE\" width=\"780\" height=\"585\" src=\"https:\/\/www.youtube.com\/embed\/4aqw8ZxHBoA?start=41&#038;feature=oembed\" frameborder=\"0\" allow=\"accelerometer; autoplay; clipboard-write; encrypted-media; gyroscope; picture-in-picture; web-share\" allowfullscreen><\/iframe><\/p>\n<hr \/>\n<p><span style=\"font-size: 14pt;\"><strong>Arte: conversa com o dramaturgo e Fil\u00f3sofo Pataf\u00edsico Wilson Co\u00ealho<\/strong><\/span><\/p>\n<p><iframe loading=\"lazy\" title=\"Arte: conversa com o dramaturgo e Fil\u00f3sofo Pataf\u00edsico Wilson Coelho\" width=\"780\" height=\"439\" src=\"https:\/\/www.youtube.com\/embed\/68IwNH2PNtM?start=972&#038;feature=oembed\" frameborder=\"0\" allow=\"accelerometer; autoplay; clipboard-write; encrypted-media; gyroscope; picture-in-picture; web-share\" allowfullscreen><\/iframe><\/p>\n<hr \/>\n<p><span style=\"font-size: 14pt;\"><strong>Wilson Co\u00ealho (entrevista) #1 (2009)<\/strong><\/span><\/p>\n<p><iframe loading=\"lazy\" title=\"wilson coelho (fime01)\" width=\"780\" height=\"585\" src=\"https:\/\/www.youtube.com\/embed\/Fqtxy9TOA6U?feature=oembed\" frameborder=\"0\" allow=\"accelerometer; autoplay; clipboard-write; encrypted-media; gyroscope; picture-in-picture; web-share\" allowfullscreen><\/iframe><\/p>\n<hr \/>\n<p><span style=\"font-size: 14pt;\"><strong>Wilson Co\u00ealho (entrevista) #2 (2009)<\/strong><\/span><\/p>\n<p><iframe loading=\"lazy\" title=\"wilson coelho (fime02)\" width=\"780\" height=\"585\" src=\"https:\/\/www.youtube.com\/embed\/vxRZAvRBpUw?feature=oembed\" frameborder=\"0\" allow=\"accelerometer; autoplay; clipboard-write; encrypted-media; gyroscope; picture-in-picture; web-share\" allowfullscreen><\/iframe><\/p>\n<hr \/>\n<p><span style=\"font-size: 14pt;\"><strong>Entrevista de Wilson Co\u00ealho na TVE-ES<\/strong><\/span><\/p>\n<p><iframe loading=\"lazy\" title=\"ENTREVISTA DE WILSON CO\u00caLHO, NA TVE-ES\" width=\"780\" height=\"585\" src=\"https:\/\/www.youtube.com\/embed\/xqNrGgeFG3Q?feature=oembed\" frameborder=\"0\" allow=\"accelerometer; autoplay; clipboard-write; encrypted-media; gyroscope; picture-in-picture; web-share\" allowfullscreen><\/iframe><\/p>\n","protected":false},"excerpt":{"rendered":"<p> <a class=\"more-link\" href=\"https:\/\/wilsoncoelho.praxis.pro.br\/index.php\/entrevistas\/\">Leia mais&#8230; &raquo;<\/a><\/p>\n","protected":false},"author":1,"featured_media":0,"parent":0,"menu_order":0,"comment_status":"closed","ping_status":"closed","template":"","meta":{"_price":"","_stock":"","_tribe_ticket_header":"","_tribe_default_ticket_provider":"","_tribe_ticket_capacity":"0","_ticket_start_date":"","_ticket_end_date":"","_tribe_ticket_show_description":"","_tribe_ticket_show_not_going":false,"_tribe_ticket_use_global_stock":"","_tribe_ticket_global_stock_level":"","_global_stock_mode":"","_global_stock_cap":"","_tribe_rsvp_for_event":"","_tribe_ticket_going_count":"","_tribe_ticket_not_going_count":"","_tribe_tickets_list":"[]","_tribe_ticket_has_attendee_info_fields":false,"footnotes":"","_tec_slr_enabled":"","_tec_slr_layout":""},"class_list":["post-116","page","type-page","status-publish","hentry"],"ticketed":false,"_links":{"self":[{"href":"https:\/\/wilsoncoelho.praxis.pro.br\/index.php\/wp-json\/wp\/v2\/pages\/116","targetHints":{"allow":["GET"]}}],"collection":[{"href":"https:\/\/wilsoncoelho.praxis.pro.br\/index.php\/wp-json\/wp\/v2\/pages"}],"about":[{"href":"https:\/\/wilsoncoelho.praxis.pro.br\/index.php\/wp-json\/wp\/v2\/types\/page"}],"author":[{"embeddable":true,"href":"https:\/\/wilsoncoelho.praxis.pro.br\/index.php\/wp-json\/wp\/v2\/users\/1"}],"replies":[{"embeddable":true,"href":"https:\/\/wilsoncoelho.praxis.pro.br\/index.php\/wp-json\/wp\/v2\/comments?post=116"}],"version-history":[{"count":28,"href":"https:\/\/wilsoncoelho.praxis.pro.br\/index.php\/wp-json\/wp\/v2\/pages\/116\/revisions"}],"predecessor-version":[{"id":628,"href":"https:\/\/wilsoncoelho.praxis.pro.br\/index.php\/wp-json\/wp\/v2\/pages\/116\/revisions\/628"}],"wp:attachment":[{"href":"https:\/\/wilsoncoelho.praxis.pro.br\/index.php\/wp-json\/wp\/v2\/media?parent=116"}],"curies":[{"name":"wp","href":"https:\/\/api.w.org\/{rel}","templated":true}]}}